{"id":32,"date":"2024-11-14T22:41:26","date_gmt":"2024-11-14T21:41:26","guid":{"rendered":"https:\/\/magaspartresidence.hu\/?page_id=32"},"modified":"2025-01-15T16:01:59","modified_gmt":"2025-01-15T15:01:59","slug":"bemutatkozas","status":"publish","type":"page","link":"https:\/\/magaspartresidence.hu\/de\/bemutatkozas\/","title":{"rendered":"Einf\u00fchrung"},"content":{"rendered":"<div data-elementor-type=\"wp-page\" data-elementor-id=\"32\" class=\"elementor elementor-32\" data-elementor-settings=\"{&quot;premium_particles_zindex&quot;:0,&quot;premium_particles_responsive&quot;:[&quot;desktop&quot;,&quot;tablet&quot;,&quot;mobile&quot;]}\" data-elementor-post-type=\"page\">\n\t\t\t\t<div class=\"elementor-element elementor-element-2268cae e-flex e-con-boxed e-con e-parent\" data-id=\"2268cae\" data-element_type=\"container\" data-settings=\"{&quot;background_background&quot;:&quot;classic&quot;,&quot;jet_parallax_layout_list&quot;:[],&quot;premium_particles_zindex&quot;:0,&quot;premium_particles_responsive&quot;:[&quot;desktop&quot;,&quot;tablet&quot;,&quot;mobile&quot;]}\">\n\t\t\t\t\t<div class=\"e-con-inner\">\n\t\t\t\t<div class=\"elementor-element elementor-element-84d1909 elementor-widget elementor-widget-heading\" data-id=\"84d1909\" data-element_type=\"widget\" data-widget_type=\"heading.default\">\n\t\t\t\t<div class=\"elementor-widget-container\">\n\t\t\t\t\t<h2 class=\"elementor-heading-title elementor-size-default\">Einf\u00fchrung<\/h2>\t\t\t\t<\/div>\n\t\t\t\t<\/div>\n\t\t\t\t<div class=\"elementor-element elementor-element-e327c68 elementor-widget elementor-widget-text-editor\" data-id=\"e327c68\" data-element_type=\"widget\" data-widget_type=\"text-editor.default\">\n\t\t\t\t<div class=\"elementor-widget-container\">\n\t\t\t\t\t\t\t\t\t<p>Unsere Unternehmensgruppe ist ein Familienbetrieb und seit fast 10 Jahren auf dem Immobilienmarkt am Balaton t\u00e4tig. Unsere eigens entwickelten Immobilienprojekte zeichnen sich durch einen ganzheitlichen Ansatz aus \u2013 von der Planung bis zur Schl\u00fcssel\u00fcbergabe \u2013 wobei wir auf unsere im Laufe der Jahre gesammelten Erfahrungen zur\u00fcckgreifen.<\/p><p>Unsere qualifizierten Fachkr\u00e4fte haben sich bereits in nahezu allen Bereichen der Bauindustrie einen Namen gemacht und an zahlreichen gewerblichen, industriellen, kommunalen und Wohnbauprojekten als Generalunternehmer oder Investor teilgenommen. Im Bereich der Wohnparks am Balaton verf\u00fcgen wir \u00fcber umfangreiche Referenzen. Unsere Arbeiten zeichnen sich durch Qualit\u00e4t und Zuverl\u00e4ssigkeit aus.<\/p><p>In den letzten Jahren haben wir rund 200 Wohnungen in beliebten Orten am Balaton wie Csopak und Balatonkenese gebaut. Bei all unseren Projekten flie\u00dfen jahrzehntelange Planungs- und Bauerfahrungen ein, die wir st\u00e4ndig erweitern. Unsere Wohnungen entstehen nach den W\u00fcnschen unserer Kunden \u2013 f\u00fcr uns steht der K\u00e4ufer stets im Mittelpunkt. Wir schaffen Werte \u2013 hochwertig und zuverl\u00e4ssig. Dieses Prinzip gilt bereits bei der Auswahl der Baufl\u00e4chen \u2013 wie etwa am ikonischen S\u00fcdufer des Balatons, genauer gesagt am Hochufer von Balatonf\u00f6ldv\u00e1r. Von dort er\u00f6ffnet sich ein atemberaubendes Panorama \u00fcber fast den gesamten See, von Akarattya bis Badacsony.<\/p><p>Die sichtbare Eleganz des Sees inspirierte einst auch K\u00e1roly E\u00f6tv\u00f6s, der sagte:<\/p><p style=\"text-align: center;\">\u201eSieh in den Himmel, und du wirst den Balaton sehen \u2013 sieh auf den Balaton, und du wirst den Himmel sehen.\u201c<\/p><p>Diese einzigartige Region mit ihren besonderen Eigenschaften wurde bereits im 4. Jahrhundert v. Chr. von den Kelten entdeckt. Ihren Aufschwung als Urlaubsdestination erlebte sie jedoch erst Ende des 19. Jahrhunderts durch die Familie Sz\u00e9chenyi.<\/p><p>So begann die goldene \u00c4ra von Balatonf\u00f6ldv\u00e1r, in der sich der Ort bis heute zu einer der charaktervollsten Siedlungen am S\u00fcdufer des Balatons entwickelte \u2013 mit jener Eleganz und Ordnung, die die Gr\u00fcnder einst tr\u00e4umten und verwirklichten.<\/p>\t\t\t\t\t\t\t\t<\/div>\n\t\t\t\t<\/div>\n\t\t\t\t<div class=\"elementor-element elementor-element-d22fdad elementor-widget elementor-widget-heading\" data-id=\"d22fdad\" data-element_type=\"widget\" data-widget_type=\"heading.default\">\n\t\t\t\t<div class=\"elementor-widget-container\">\n\t\t\t\t\t<h2 class=\"elementor-heading-title elementor-size-default\">Magaspart Residence <br> Balatonf\u00f6ldv\u00e1r<\/h2>\t\t\t\t<\/div>\n\t\t\t\t<\/div>\n\t\t\t\t<div class=\"elementor-element elementor-element-ff3304d elementor-widget elementor-widget-text-editor\" data-id=\"ff3304d\" data-element_type=\"widget\" data-widget_type=\"text-editor.default\">\n\t\t\t\t<div class=\"elementor-widget-container\">\n\t\t\t\t\t\t\t\t\t<p>Die Immobilie befindet sich in unmittelbarer Nachbarschaft des Schifffahrtsmuseums von Balatonf\u00f6ldv\u00e1r (Aussichtsturm), entlang der geplanten Zufahrtsstra\u00dfe, am h\u00f6chsten Punkt des rund 6 Hektar gro\u00dfen Baugebiets. Aufgrund ihrer Lage bietet sie jeder entstehenden Wohnung einen einzigartigen Panoramablick.<\/p><p>Die neu entstehenden Wohnbl\u00f6cke mit jeweils 26 Wohnungen (2\u00d726) werden im oberen Drittel des Grundst\u00fccks errichtet. Sie bieten hervorragende Aussichten und nutzen den derzeit vorhandenen H\u00f6henunterschied von fast 4 Metern optimal aus. Vor dem Grundst\u00fcck werden Stra\u00dfe, Gehweg und Parkpl\u00e4tze angelegt, die eine einseitige Ein- und Ausfahrt in Richtung der Landstra\u00dfe 7 erm\u00f6glichen. Die geplanten Geb\u00e4ude werden durch einen bestehenden Waldstreifen von der Stra\u00dfe getrennt. Als am h\u00f6chsten gelegener Bauplatz erfolgt die Bebauung entsprechend dem bisherigen Bebauungsplan im oberen Teil des Grundst\u00fccks, parallel zur s\u00fcdlichen Grundst\u00fccksgrenze. Die zwei Geb\u00e4ude bestehen jeweils aus einem Garagengeschoss + Erdgeschoss + erstem und zweitem Obergeschoss + Penthouse-Etage, wobei sie \u00fcber die unterste Garagenebene miteinander verbunden sind.<\/p><p>Die beiden freistehenden Wohnh\u00e4user umfassen Wohneinheiten von 50\u201370 m\u00b2, in den Penthouse-Etagen 70\u2013150 m\u00b2, und sind so platziert, dass sie sich auf die Aussicht zum Balaton und die umliegende Landschaft fokussieren. Die Panoramaaussicht stellt das Hauptmerkmal dar. Pro Geb\u00e4ude gibt es 4 helle, ger\u00e4umige Treppenh\u00e4user mit je 8 Wohnungen pro Etage. \u00dcber drei Etagen hinweg entstehen insgesamt 24 Wohneinheiten, auf der Penthouse-Etage kommen zwei weitere hinzu, womit jedes Geb\u00e4ude insgesamt 26 Wohnungen enth\u00e4lt. Beide Geb\u00e4ude haben identischen Grundriss. Die darunter liegende Tiefgarage bietet Platz f\u00fcr 60 Fahrzeuge.<\/p><p>Im Untergeschoss befinden sich technische R\u00e4ume, Fahrradabstellpl\u00e4tze und auf Wunsch auch Abstellr\u00e4ume f\u00fcr die Wohnungen. Im s\u00fcdlichen Teil des Grundst\u00fccks \u2013 dem gr\u00f6\u00dferen Abschnitt \u2013 wird ein gemeinschaftlich betriebener Bade- und Erholungsbereich errichtet. Dieser f\u00fcgt sich harmonisch in die Bebauung mit kleineren H\u00e4usern auf der gegen\u00fcberliegenden Seite der neuen Stra\u00dfe sowie in die Nachbarbebauung ein. \u00d6stlich der Geb\u00e4ude f\u00fchrt der \u201eKeltenweg\u201c bis zur \u201eNationalflagge\u201c, von dort gelangt man \u00fcber eine Wendeltreppe zum neuen Jachthafen am Weststrand.\nEin au\u00dfergew\u00f6hnlicher Standort mit einem unvergleichlichen Ausblick.\u00a0<\/p>\t\t\t\t\t\t\t\t<\/div>\n\t\t\t\t<\/div>\n\t\t\t\t<div class=\"elementor-element elementor-element-e895b3e elementor-widget elementor-widget-text-editor\" data-id=\"e895b3e\" data-element_type=\"widget\" data-widget_type=\"text-editor.default\">\n\t\t\t\t<div class=\"elementor-widget-container\">\n\t\t\t\t\t\t\t\t\t<p style=\"text-align: right;\">Das ist Magaspart Residence.<\/p>\t\t\t\t\t\t\t\t<\/div>\n\t\t\t\t<\/div>\n\t\t<div class=\"elementor-element elementor-element-705c499 e-con-full e-flex e-con e-child\" data-id=\"705c499\" data-element_type=\"container\" data-settings=\"{&quot;jet_parallax_layout_list&quot;:[],&quot;premium_particles_zindex&quot;:0,&quot;premium_particles_responsive&quot;:[&quot;desktop&quot;,&quot;tablet&quot;,&quot;mobile&quot;]}\">\n\t\t\t\t<div class=\"elementor-element elementor-element-cb321f4 elementor-widget elementor-widget-text-editor\" data-id=\"cb321f4\" data-element_type=\"widget\" data-widget_type=\"text-editor.default\">\n\t\t\t\t<div class=\"elementor-widget-container\">\n\t\t\t\t\t\t\t\t\t<h3 style=\"text-align: right;\">Werde Teil des Panoramas!<\/h3>\t\t\t\t\t\t\t\t<\/div>\n\t\t\t\t<\/div>\n\t\t\t\t<div class=\"elementor-element elementor-element-e2921a1 elementor-widget elementor-widget-text-editor\" data-id=\"e2921a1\" data-element_type=\"widget\" data-widget_type=\"text-editor.default\">\n\t\t\t\t<div class=\"elementor-widget-container\">\n\t\t\t\t\t\t\t\t\t<h3 style=\"text-align: right;\">Anders als alle anderen.<\/h3>\t\t\t\t\t\t\t\t<\/div>\n\t\t\t\t<\/div>\n\t\t\t\t<\/div>\n\t\t\t\t\t<\/div>\n\t\t\t\t<\/div>\n\t\t<div class=\"elementor-element elementor-element-7ab27f3f e-con-full elementor-hidden-tablet elementor-hidden-mobile e-flex e-con e-parent\" data-id=\"7ab27f3f\" data-element_type=\"container\" data-settings=\"{&quot;jet_parallax_layout_list&quot;:[],&quot;premium_particles_zindex&quot;:0,&quot;premium_particles_responsive&quot;:[&quot;desktop&quot;,&quot;tablet&quot;,&quot;mobile&quot;]}\">\n\t\t\t\t<div class=\"elementor-element elementor-element-6e28271 elementor-widget elementor-widget-shortcode\" data-id=\"6e28271\" data-element_type=\"widget\" data-widget_type=\"shortcode.default\">\n\t\t\t\t<div class=\"elementor-widget-container\">\n\t\t\t\t\t\t\t<div class=\"elementor-shortcode\">\n<style>\n\t#hotspot-160 .hotspots-image-container,\n\t#hotspot-160 .leaflet-container {\n\t\tbackground: #efefef\t}\n\n\t#hotspot-160 .hotspots-placeholder {\n\t\tbackground: #ffffff;\n\t\tborder: 0 #ffffff solid;\n\t\tcolor: #000000;\n\t}\n\n\t#hotspot-160 .hotspot-title {\n\t\tcolor: #000000;\n\t}\n\n\t\t\t#hotspot-160 .hotspot-default {\n\t\t\tstroke-width: -1;\n\t\t\tfill: #ffffff;\n\t\t\tfill-opacity: 0;\n\t\t\tstroke: #ffffff;\n\t\t\tstroke-opacity: 0;\n\t\t}\n\t\t#hotspot-160 .hotspot-default:hover,\n\t\t#hotspot-160 .hotspot-default:focus-visible,\n\t\t#hotspot-160 .hotspot-default.hotspot-active {\n\t\t\tfill: #d5be66;\n\t\t\tfill-opacity: 0.71;\n\t\t\tstroke: #000000;\n\t\t\tstroke-opacity: 0.01;\n\t\t}\n\t\t#hotspot-160 .leaflet-tooltip,\n\t#hotspot-160 .leaflet-rrose-content-wrapper {\n\t\tbackground: #ffffff;\n\t\tborder-color: #ffffff;\n\t\tcolor: #000000;\n\t}\n\n\t#hotspot-160 a.leaflet-rrose-close-button {\n\t\tcolor: #000000;\n\t}\n\n\t#hotspot-160 .leaflet-rrose-tip {\n\t\tbackground: #ffffff;\n\t}\n\n\t#hotspot-160 .leaflet-popup-scrolled {\n\t\tborder-bottom-color: #000000;\n\t\tborder-top-color: #000000;\n\t}\n\n\t#hotspot-160 .leaflet-tooltip-top:before {\n\t\tborder-top-color: #ffffff;\n\t}\n\n\t#hotspot-160 .leaflet-tooltip-bottom:before {\n\t\tborder-bottom-color: #ffffff;\n\t}\n\t#hotspot-160 .leaflet-tooltip-left:before {\n\t\tborder-left-color: #ffffff;\n\t}\n\t#hotspot-160 .leaflet-tooltip-right:before {\n\t\tborder-right-color: #ffffff;\n\t}\n<\/style>\n\n\t\n\t<div class=\"hotspots-container links-only layout-left event-click\" id=\"hotspot-160\" data-layout=\"left\" data-trigger=\"click\">\n\t\t<div class=\"hotspots-interaction\">\n\t\t\t<div class=\"hotspots-image-container\">\n\t<img\n\t\twidth=\"1920\"\n\t\theight=\"1080\"\n\t\tsrc=\"https:\/\/magaspartresidence.hu\/wp-content\/uploads\/2024\/11\/1_11-Photo.jpg\"\n\t\talt=\"\"\n\t\tclass=\"hotspots-image skip-lazy\"\n\t\tusemap=\"#hotspots-image-160\"\n\t\tdata-image-title=\"\"\n\t\tdata-image-description=\"\"\n\t\tdata-event-trigger=\"click\"\n\t\tdata-always-visible=\"false\"\n\t\tdata-id=\"160\"\n\t\tdata-no-lazy=\"1\"\n\t\tdata-lazy-src=\"\"\n\t\tdata-lazy=\"false\"\n\t\tloading=\"eager\"\n\t\tdata-skip-lazy=\"1\"\n\t\t>\n<\/div>\t\t<\/div>\n\t\t<map name=\"hotspots-image-160\" class=\"hotspots-map\">\n\t\t\t\t\t\t\t\t\t\t\t<area\n\t\t\t\t\tshape=\"polygon\"\n\t\t\t\t\tcoords=\"532,544,412,445,415,466,536,581,848,435,973,359,1022,328,1019,297,988,318,884,382,532,544,681,473\"\n\t\t\t\t\thref=\"https:\/\/magaspartresidence.hu\/b-epulet\/b-epulet-foldszint\/\"\n\t\t\t\t\trel=\"\"\n\t\t\t\t\ttitle=\"Geb\u00e4ude B \u2013 Erdgeschoss\"\n\t\t\t\t\talt=\"B \u00e9p\u00fclet f\u00f6ldszint\"\n\t\t\t\t\tdata-action=\"url\"\n\t\t\t\t\tdata-color-scheme=\"\"\n\t\t\t\t\ttarget=\"_new\"\n\t\t\t\t\tclass=\"url-area\"\n\t\t\t\t\t>\n\t\t\t\t\t\t\t\t\t\t\t<area\n\t\t\t\t\tshape=\"polygon\"\n\t\t\t\t\tcoords=\"401,405,517,498,876,349,1020,264,1023,293,1009,302,897,373,682,470,527,535,410,440\"\n\t\t\t\t\thref=\"https:\/\/magaspartresidence.hu\/b-epulet\/b-epulet-1-emelet\/\"\n\t\t\t\t\trel=\"\"\n\t\t\t\t\ttitle=\"Geb\u00e4ude B \u2013 1. Obergeschoss\"\n\t\t\t\t\talt=\"B \u00e9p\u00fclet 1. emelet\"\n\t\t\t\t\tdata-action=\"url\"\n\t\t\t\t\tdata-color-scheme=\"\"\n\t\t\t\t\ttarget=\"_new\"\n\t\t\t\t\tclass=\"url-area\"\n\t\t\t\t\t>\n\t\t\t\t\t\t\t\t\t\t\t<area\n\t\t\t\t\tshape=\"polygon\"\n\t\t\t\t\tcoords=\"467,319,401,339,402,349,381,356,500,455,812,333,896,297,1027,227,868,183,617,255,589,264,579,260,543,270,547,277,503,290,473,299,463,306\"\n\t\t\t\t\thref=\"https:\/\/magaspartresidence.hu\/b-epulet\/b-epulet-3-emelet\/\"\n\t\t\t\t\trel=\"\"\n\t\t\t\t\ttitle=\"Geb\u00e4ude B \u2013 3. Obergeschoss\"\n\t\t\t\t\talt=\"B \u00e9p\u00fclet 3. emelet\"\n\t\t\t\t\tdata-action=\"url\"\n\t\t\t\t\tdata-color-scheme=\"\"\n\t\t\t\t\ttarget=\"_new\"\n\t\t\t\t\tclass=\"url-area\"\n\t\t\t\t\t>\n\t\t\t\t\t\t\t\t\t\t\t<area\n\t\t\t\t\tshape=\"polygon\"\n\t\t\t\t\tcoords=\"745,365,886,305,1029,229,1024,262,963,298,867,352,748,400,513,499,453,450,398,402,384,362,501,460\"\n\t\t\t\t\thref=\"https:\/\/magaspartresidence.hu\/b-epulet\/b-epulet-2-emelet\/\"\n\t\t\t\t\trel=\"\"\n\t\t\t\t\ttitle=\"Geb\u00e4ude B \u2013 2. Obergeschoss\"\n\t\t\t\t\talt=\"B \u00e9p\u00fclet 2. emelet\"\n\t\t\t\t\tdata-action=\"url\"\n\t\t\t\t\tdata-color-scheme=\"\"\n\t\t\t\t\ttarget=\"_new\"\n\t\t\t\t\tclass=\"url-area\"\n\t\t\t\t\t>\n\t\t\t\t\t\t\t\t\t\t\t<area\n\t\t\t\t\tshape=\"polygon\"\n\t\t\t\t\tcoords=\"1160,247,1260,200,1293,187,1296,164,1228,192,1166,218,1126,242,1076,274,1024,263,1009,272,1005,281,1080,302,1105,283,1129,266\"\n\t\t\t\t\thref=\"https:\/\/magaspartresidence.hu\/a-epulet\/a-epulet-foldszint\/\"\n\t\t\t\t\trel=\"\"\n\t\t\t\t\ttitle=\"Geb\u00e4ude A \u2013 Erdgeschoss\"\n\t\t\t\t\talt=\"A \u00e9p\u00fclet f\u00f6ldszint\"\n\t\t\t\t\tdata-action=\"url\"\n\t\t\t\t\tdata-color-scheme=\"\"\n\t\t\t\t\ttarget=\"_new\"\n\t\t\t\t\tclass=\"url-area\"\n\t\t\t\t\t>\n\t\t\t\t\t\t\t\t\t\t\t<area\n\t\t\t\t\tshape=\"polygon\"\n\t\t\t\t\tcoords=\"990,252,1026,230,1079,242,1136,209,1164,192,1187,181,1242,161,1298,140,1296,165,1170,215,1122,245,1078,273\"\n\t\t\t\t\thref=\"https:\/\/magaspartresidence.hu\/a-epulet\/a-epulet-1-emelet\/\"\n\t\t\t\t\trel=\"\"\n\t\t\t\t\ttitle=\"Geb\u00e4ude A \u2013 1. Obergeschoss\"\n\t\t\t\t\talt=\"A \u00e9p\u00fclet 1. emelet\"\n\t\t\t\t\tdata-action=\"url\"\n\t\t\t\t\tdata-color-scheme=\"\"\n\t\t\t\t\ttarget=\"_new\"\n\t\t\t\t\tclass=\"url-area\"\n\t\t\t\t\t>\n\t\t\t\t\t\t\t\t\t\t\t<area\n\t\t\t\t\tshape=\"polygon\"\n\t\t\t\t\tcoords=\"1078,241,1082,241,1170,189,1298,140,1303,113,1220,143,1168,163,1082,212,930,179,931,202,1025,227\"\n\t\t\t\t\thref=\"https:\/\/magaspartresidence.hu\/a-epulet\/a-epulet-2-emelet\/\"\n\t\t\t\t\trel=\"\"\n\t\t\t\t\ttitle=\"Geb\u00e4ude A \u2013 2. Obergeschoss\"\n\t\t\t\t\talt=\"A \u00e9p\u00fclet 2. emelet\"\n\t\t\t\t\tdata-action=\"url\"\n\t\t\t\t\tdata-color-scheme=\"\"\n\t\t\t\t\ttarget=\"_new\"\n\t\t\t\t\tclass=\"url-area\"\n\t\t\t\t\t>\n\t\t\t\t\t\t\t\t\t\t\t<area\n\t\t\t\t\tshape=\"polygon\"\n\t\t\t\t\tcoords=\"1038,128,947,165,930,174,999,191,1081,209,1171,161,1306,111,1263,98,1264,84,1257,80,1188,65,1167,72,1158,70,1143,75,1144,78,1085,95,1059,104,1039,113\"\n\t\t\t\t\thref=\"https:\/\/magaspartresidence.hu\/a-epulet\/a-epulet-3-emelet\/\"\n\t\t\t\t\trel=\"\"\n\t\t\t\t\ttitle=\"Geb\u00e4ude A \u2013 3. Obergeschoss\"\n\t\t\t\t\talt=\"A \u00e9p\u00fclet 3. emelet\"\n\t\t\t\t\tdata-action=\"url\"\n\t\t\t\t\tdata-color-scheme=\"\"\n\t\t\t\t\ttarget=\"_new\"\n\t\t\t\t\tclass=\"url-area\"\n\t\t\t\t\t>\n\t\t\t\t\t<\/map>\n\n\t\t\n\t\t\t\t\t\t\t\t\t\t\t\t\t\t\t\t\t\t\t\t\t\t\t\t\t\t\t<\/div>\n\n\n<\/div>\n\t\t\t\t\t\t<\/div>\n\t\t\t\t<\/div>\n\t\t\t\t<\/div>\n\t\t\t\t<\/div>","protected":false},"excerpt":{"rendered":"<p>Bemutatkoz\u00e1s C\u00e9gcsoportunk csal\u00e1di v\u00e1llalkoz\u00e1sk\u00e9nt m\u0171k\u00f6dik \u00e9s k\u00f6zel 10 \u00e9ve van jelen a balatoni ingatlanpiacon. Saj\u00e1t beruh\u00e1z\u00e1sk\u00e9nt megval\u00f3sul\u00f3 ingatlanfejleszt\u00e9seinket a komplexit\u00e1s jellemzi tervez\u00e9ssel a kulcs \u00e1tad\u00e1sig val\u00f3s\u00edtjuk meg elk\u00e9pzel\u00e9seinket felhaszn\u00e1lva az id\u0151k\u00f6zben szerzett tapasztalatainkat. K\u00e9pzett szakembereink az \u00e9p\u00edt\u0151ipar szinte valamennyi szegmens\u00e9gben letett\u00e9k m\u00e1r n\u00e9vjegy\u00fcket sz\u00e1mos kereskedelmi, ipari, kommun\u00e1lis \u00e9s lak\u00f3projektben vettek r\u00e9szt f\u0151v\u00e1llalkoz\u00f3k\u00e9nt, beruh\u00e1z\u00f3k\u00e9nt egyar\u00e1nt. Balatoni [&hellip;]<\/p>","protected":false},"author":1,"featured_media":0,"parent":0,"menu_order":0,"comment_status":"closed","ping_status":"closed","template":"elementor_header_footer","meta":{"footnotes":""},"class_list":["post-32","page","type-page","status-publish","hentry"],"_links":{"self":[{"href":"https:\/\/magaspartresidence.hu\/de\/wp-json\/wp\/v2\/pages\/32","targetHints":{"allow":["GET"]}}],"collection":[{"href":"https:\/\/magaspartresidence.hu\/de\/wp-json\/wp\/v2\/pages"}],"about":[{"href":"https:\/\/magaspartresidence.hu\/de\/wp-json\/wp\/v2\/types\/page"}],"author":[{"embeddable":true,"href":"https:\/\/magaspartresidence.hu\/de\/wp-json\/wp\/v2\/users\/1"}],"replies":[{"embeddable":true,"href":"https:\/\/magaspartresidence.hu\/de\/wp-json\/wp\/v2\/comments?post=32"}],"version-history":[{"count":7,"href":"https:\/\/magaspartresidence.hu\/de\/wp-json\/wp\/v2\/pages\/32\/revisions"}],"predecessor-version":[{"id":1133,"href":"https:\/\/magaspartresidence.hu\/de\/wp-json\/wp\/v2\/pages\/32\/revisions\/1133"}],"wp:attachment":[{"href":"https:\/\/magaspartresidence.hu\/de\/wp-json\/wp\/v2\/media?parent=32"}],"curies":[{"name":"wp","href":"https:\/\/api.w.org\/{rel}","templated":true}]}}