{"id":565,"date":"2024-11-29T20:33:17","date_gmt":"2024-11-29T19:33:17","guid":{"rendered":"https:\/\/magaspartresidence.hu\/?page_id=565"},"modified":"2025-01-15T16:48:55","modified_gmt":"2025-01-15T15:48:55","slug":"b-iii-25-lakas","status":"publish","type":"page","link":"https:\/\/magaspartresidence.hu\/de\/b-epulet\/b-iii-25-lakas\/","title":{"rendered":"B &#8211; III.25. lak\u00e1s"},"content":{"rendered":"<div data-elementor-type=\"wp-page\" data-elementor-id=\"565\" class=\"elementor elementor-565\" data-elementor-settings=\"{&quot;premium_particles_zindex&quot;:0,&quot;premium_particles_responsive&quot;:[&quot;desktop&quot;,&quot;tablet&quot;,&quot;mobile&quot;]}\" data-elementor-post-type=\"page\">\n\t\t\t\t<div class=\"elementor-element elementor-element-59c3e083 e-con-full e-flex e-con e-parent\" data-id=\"59c3e083\" data-element_type=\"container\" data-settings=\"{&quot;jet_parallax_layout_list&quot;:[],&quot;premium_particles_zindex&quot;:0,&quot;premium_particles_responsive&quot;:[&quot;desktop&quot;,&quot;tablet&quot;,&quot;mobile&quot;]}\">\n\t\t\t\t<div class=\"elementor-element elementor-element-64ddb47c elementor-widget elementor-widget-image\" data-id=\"64ddb47c\" data-element_type=\"widget\" data-widget_type=\"image.default\">\n\t\t\t\t<div class=\"elementor-widget-container\">\n\t\t\t\t\t\t\t\t\t\t\t\t\t\t\t<img fetchpriority=\"high\" decoding=\"async\" width=\"1920\" height=\"600\" src=\"https:\/\/magaspartresidence.hu\/wp-content\/uploads\/2025\/01\/lakasok-cover.jpg\" class=\"attachment-full size-full wp-image-762\" alt=\"\" srcset=\"https:\/\/magaspartresidence.hu\/wp-content\/uploads\/2025\/01\/lakasok-cover.jpg 1920w, https:\/\/magaspartresidence.hu\/wp-content\/uploads\/2025\/01\/lakasok-cover-300x94.jpg 300w, https:\/\/magaspartresidence.hu\/wp-content\/uploads\/2025\/01\/lakasok-cover-1024x320.jpg 1024w, https:\/\/magaspartresidence.hu\/wp-content\/uploads\/2025\/01\/lakasok-cover-768x240.jpg 768w, https:\/\/magaspartresidence.hu\/wp-content\/uploads\/2025\/01\/lakasok-cover-1536x480.jpg 1536w\" sizes=\"(max-width: 1920px) 100vw, 1920px\" \/>\t\t\t\t\t\t\t\t\t\t\t\t\t\t\t<\/div>\n\t\t\t\t<\/div>\n\t\t\t\t<\/div>\n\t\t<div class=\"elementor-element elementor-element-426318fb e-flex e-con-boxed e-con e-parent\" data-id=\"426318fb\" data-element_type=\"container\" data-settings=\"{&quot;jet_parallax_layout_list&quot;:[],&quot;premium_particles_zindex&quot;:0,&quot;premium_particles_responsive&quot;:[&quot;desktop&quot;,&quot;tablet&quot;,&quot;mobile&quot;]}\">\n\t\t\t\t\t<div class=\"e-con-inner\">\n\t\t\t\t<div class=\"elementor-element elementor-element-7e760918 elementor-widget elementor-widget-heading\" data-id=\"7e760918\" data-element_type=\"widget\" data-widget_type=\"heading.default\">\n\t\t\t\t<div class=\"elementor-widget-container\">\n\t\t\t\t\t<h2 class=\"elementor-heading-title elementor-size-default\">B &#8211; III.25. lak\u00e1s<\/h2>\t\t\t\t<\/div>\n\t\t\t\t<\/div>\n\t\t\t\t\t<\/div>\n\t\t\t\t<\/div>\n\t\t<div class=\"elementor-element elementor-element-b3e0a9 e-flex e-con-boxed e-con e-parent\" data-id=\"b3e0a9\" data-element_type=\"container\" data-settings=\"{&quot;jet_parallax_layout_list&quot;:[],&quot;premium_particles_zindex&quot;:0,&quot;premium_particles_responsive&quot;:[&quot;desktop&quot;,&quot;tablet&quot;,&quot;mobile&quot;]}\">\n\t\t\t\t\t<div class=\"e-con-inner\">\n\t\t<div class=\"elementor-element elementor-element-581674bd e-con-full e-flex e-con e-child\" data-id=\"581674bd\" data-element_type=\"container\" data-settings=\"{&quot;jet_parallax_layout_list&quot;:[],&quot;premium_particles_zindex&quot;:0,&quot;premium_particles_responsive&quot;:[&quot;desktop&quot;,&quot;tablet&quot;,&quot;mobile&quot;]}\">\n\t\t\t\t<div class=\"elementor-element elementor-element-511419d9 elementor-widget elementor-widget-image\" data-id=\"511419d9\" data-element_type=\"widget\" data-widget_type=\"image.default\">\n\t\t\t\t<div class=\"elementor-widget-container\">\n\t\t\t\t\t\t\t\t\t\t\t\t\t\t\t<img decoding=\"async\" width=\"800\" height=\"800\" src=\"https:\/\/magaspartresidence.hu\/wp-content\/uploads\/2025\/01\/a-03.5.15.png\" class=\"attachment-large size-large wp-image-1147\" alt=\"\" srcset=\"https:\/\/magaspartresidence.hu\/wp-content\/uploads\/2025\/01\/a-03.5.15.png 1000w, https:\/\/magaspartresidence.hu\/wp-content\/uploads\/2025\/01\/a-03.5.15-300x300.png 300w, https:\/\/magaspartresidence.hu\/wp-content\/uploads\/2025\/01\/a-03.5.15-150x150.png 150w, https:\/\/magaspartresidence.hu\/wp-content\/uploads\/2025\/01\/a-03.5.15-768x768.png 768w\" sizes=\"(max-width: 800px) 100vw, 800px\" \/>\t\t\t\t\t\t\t\t\t\t\t\t\t\t\t<\/div>\n\t\t\t\t<\/div>\n\t\t\t\t<\/div>\n\t\t<div class=\"elementor-element elementor-element-33cd4d4f e-con-full e-flex e-con e-child\" data-id=\"33cd4d4f\" data-element_type=\"container\" data-settings=\"{&quot;jet_parallax_layout_list&quot;:[],&quot;premium_particles_zindex&quot;:0,&quot;premium_particles_responsive&quot;:[&quot;desktop&quot;,&quot;tablet&quot;,&quot;mobile&quot;]}\">\n\t\t\t\t<div class=\"elementor-element elementor-element-6610dc70 premium-table-dir-ltr elementor-widget elementor-widget-premium-tables-addon\" data-id=\"6610dc70\" data-element_type=\"widget\" data-widget_type=\"premium-tables-addon.default\">\n\t\t\t\t<div class=\"elementor-widget-container\">\n\t\t\t\t\t\n\t\t<div class=\"premium-table-wrap\">\n\t\t\t\n\t\t\t<table class=\"premium-table\" data-settings=\"{&quot;sort&quot;:false,&quot;usNumbers&quot;:false,&quot;sortMob&quot;:false,&quot;search&quot;:false,&quot;records&quot;:false,&quot;dataType&quot;:&quot;custom&quot;,&quot;csvFile&quot;:null,&quot;firstRow&quot;:null,&quot;separator&quot;:null,&quot;pagination&quot;:&quot;&quot;,&quot;rows&quot;:0}\" >\n\n\t\t\t\t\t<tbody class=\"premium-table-body\">\n\t\t\t\t\t\t<tr class=\"premium-table-row elementor-repeater-item-8c1be1f\"><td class=\"premium-table-cell elementor-repeater-item-d14b5e8\"><span class=\"premium-table-text\">1.<\/span><\/td><td class=\"premium-table-cell elementor-repeater-item-74f34c9\"><span class=\"premium-table-text\">Flur \/ Eingangsbereich<\/span><\/td><td class=\"premium-table-cell elementor-repeater-item-43ca185\"><span class=\"premium-table-text\">2,00 m\u00b2<\/span><\/td><\/tr><tr class=\"premium-table-row elementor-repeater-item-fe9c619\"><td class=\"premium-table-cell elementor-repeater-item-6c5661a\"><span class=\"premium-table-text\">2.<\/span><\/td><td class=\"premium-table-cell elementor-repeater-item-98888a7\"><span class=\"premium-table-text\">Badezimmer<\/span><\/td><td class=\"premium-table-cell elementor-repeater-item-d331dcd\"><span class=\"premium-table-text\">6,55 m\u00b2<\/span><\/td><\/tr><tr class=\"premium-table-row elementor-repeater-item-c9afda5\"><td class=\"premium-table-cell elementor-repeater-item-77ad760\"><span class=\"premium-table-text\">3.<\/span><\/td><td class=\"premium-table-cell elementor-repeater-item-01bbc57\"><span class=\"premium-table-text\">Badezimmer<\/span><\/td><td class=\"premium-table-cell elementor-repeater-item-e5e14b2\"><span class=\"premium-table-text\">3,64 m\u00b2<\/span><\/td><\/tr><tr class=\"premium-table-row elementor-repeater-item-56d0336\"><td class=\"premium-table-cell elementor-repeater-item-a390582\"><span class=\"premium-table-text\">4.<\/span><\/td><td class=\"premium-table-cell elementor-repeater-item-65f35f2\"><span class=\"premium-table-text\">Garderobe<\/span><\/td><td class=\"premium-table-cell elementor-repeater-item-bcf572f\"><span class=\"premium-table-text\">7,30 m\u00b2<\/span><\/td><\/tr><tr class=\"premium-table-row elementor-repeater-item-5898e90\"><td class=\"premium-table-cell elementor-repeater-item-141c3fe\"><span class=\"premium-table-text\">5.<\/span><\/td><td class=\"premium-table-cell elementor-repeater-item-524b203\"><span class=\"premium-table-text\">Garderobe<\/span><\/td><td class=\"premium-table-cell elementor-repeater-item-2d2f26d\"><span class=\"premium-table-text\">3,93 m\u00b2<\/span><\/td><\/tr><tr class=\"premium-table-row elementor-repeater-item-7c99a81\"><td class=\"premium-table-cell elementor-repeater-item-ea8189f\"><span class=\"premium-table-text\">6.<\/span><\/td><td class=\"premium-table-cell elementor-repeater-item-d46b7e8\"><span class=\"premium-table-text\">Wohnfl\u00e4che<\/span><\/td><td class=\"premium-table-cell elementor-repeater-item-8eaf091\"><span class=\"premium-table-text\">27,62 m\u00b2<\/span><\/td><\/tr><tr class=\"premium-table-row elementor-repeater-item-27a2b95\"><td class=\"premium-table-cell elementor-repeater-item-4a19f60\"><span class=\"premium-table-text\">7.<\/span><\/td><td class=\"premium-table-cell elementor-repeater-item-6cc33bc\"><span class=\"premium-table-text\">WC \/ Waschraum<\/span><\/td><td class=\"premium-table-cell elementor-repeater-item-893940e\"><span class=\"premium-table-text\">1,45 m\u00b2<\/span><\/td><\/tr><tr class=\"premium-table-row elementor-repeater-item-b303580\"><td class=\"premium-table-cell elementor-repeater-item-c90837b\"><span class=\"premium-table-text\">8.<\/span><\/td><td class=\"premium-table-cell elementor-repeater-item-3c185fb\"><span class=\"premium-table-text\">Zimmer<\/span><\/td><td class=\"premium-table-cell elementor-repeater-item-28cdcea\"><span class=\"premium-table-text\">12,24 m\u00b2<\/span><\/td><\/tr><tr class=\"premium-table-row elementor-repeater-item-7bb23b0\"><td class=\"premium-table-cell elementor-repeater-item-e053d83\"><span class=\"premium-table-text\">9.<\/span><\/td><td class=\"premium-table-cell elementor-repeater-item-a40acc7\"><span class=\"premium-table-text\">Zimmer<\/span><\/td><td class=\"premium-table-cell elementor-repeater-item-21d108c\"><span class=\"premium-table-text\">12,34 m\u00b2<\/span><\/td><\/tr><tr class=\"premium-table-row elementor-repeater-item-aad683a\"><td class=\"premium-table-cell elementor-repeater-item-f43e7ce\"><span class=\"premium-table-text\">10.<\/span><\/td><td class=\"premium-table-cell elementor-repeater-item-796dfe4\"><span class=\"premium-table-text\">Zimmer<\/span><\/td><td class=\"premium-table-cell elementor-repeater-item-82d3c81\"><span class=\"premium-table-text\">14,58 m\u00b2<\/span><\/td><\/tr><tr class=\"premium-table-row elementor-repeater-item-78bda83\"><td class=\"premium-table-cell elementor-repeater-item-fd781b3\" colspan=\"2\"><span class=\"premium-table-text\">Gesamt<\/span><\/td><td class=\"premium-table-cell elementor-repeater-item-38d199b\"><span class=\"premium-table-text\">91,65 m\u00b2<\/span><\/td><\/tr><tr class=\"premium-table-row elementor-repeater-item-be5f65b\"><td class=\"premium-table-cell elementor-repeater-item-f19f689\"><span class=\"premium-table-text\">11.<\/span><\/td><td class=\"premium-table-cell elementor-repeater-item-aa857ca\"><span class=\"premium-table-text\">Terrasse<\/span><\/td><td class=\"premium-table-cell elementor-repeater-item-0913728\"><span class=\"premium-table-text\">66,47 m\u00b2<\/span><\/td><\/tr><tr class=\"premium-table-row elementor-repeater-item-cd5bc0d\"><td class=\"premium-table-cell elementor-repeater-item-9b3a69e\" colspan=\"2\"><span class=\"premium-table-text\">Gesamt<\/span><\/td><td class=\"premium-table-cell elementor-repeater-item-6fc7bab\"><span class=\"premium-table-text\">158,12 m\u00b2<\/span><\/td>\t\t\t<\/tr>\n\t\t<\/tbody>\n\n\t\t\n\t\t\t<\/table>\n\t\t<\/div>\n\t\t\t\t\t\t<\/div>\n\t\t\t\t<\/div>\n\t\t\t\t<\/div>\n\t\t\t\t\t<\/div>\n\t\t\t\t<\/div>\n\t\t<div class=\"elementor-element elementor-element-37cb0cd5 e-con-full elementor-hidden-tablet elementor-hidden-mobile e-flex e-con e-parent\" data-id=\"37cb0cd5\" data-element_type=\"container\" data-settings=\"{&quot;jet_parallax_layout_list&quot;:[],&quot;premium_particles_zindex&quot;:0,&quot;premium_particles_responsive&quot;:[&quot;desktop&quot;,&quot;tablet&quot;,&quot;mobile&quot;]}\">\n\t\t\t\t<div class=\"elementor-element elementor-element-4151adcd elementor-widget elementor-widget-global elementor-global-248 elementor-widget-shortcode\" data-id=\"4151adcd\" data-element_type=\"widget\" data-widget_type=\"shortcode.default\">\n\t\t\t\t<div class=\"elementor-widget-container\">\n\t\t\t\t\t\t\t<div class=\"elementor-shortcode\">\n<style>\n\t#hotspot-160 .hotspots-image-container,\n\t#hotspot-160 .leaflet-container {\n\t\tbackground: #efefef\t}\n\n\t#hotspot-160 .hotspots-placeholder {\n\t\tbackground: #ffffff;\n\t\tborder: 0 #ffffff solid;\n\t\tcolor: #000000;\n\t}\n\n\t#hotspot-160 .hotspot-title {\n\t\tcolor: #000000;\n\t}\n\n\t\t\t#hotspot-160 .hotspot-default {\n\t\t\tstroke-width: -1;\n\t\t\tfill: #ffffff;\n\t\t\tfill-opacity: 0;\n\t\t\tstroke: #ffffff;\n\t\t\tstroke-opacity: 0;\n\t\t}\n\t\t#hotspot-160 .hotspot-default:hover,\n\t\t#hotspot-160 .hotspot-default:focus-visible,\n\t\t#hotspot-160 .hotspot-default.hotspot-active {\n\t\t\tfill: #d5be66;\n\t\t\tfill-opacity: 0.71;\n\t\t\tstroke: #000000;\n\t\t\tstroke-opacity: 0.01;\n\t\t}\n\t\t#hotspot-160 .leaflet-tooltip,\n\t#hotspot-160 .leaflet-rrose-content-wrapper {\n\t\tbackground: #ffffff;\n\t\tborder-color: #ffffff;\n\t\tcolor: #000000;\n\t}\n\n\t#hotspot-160 a.leaflet-rrose-close-button {\n\t\tcolor: #000000;\n\t}\n\n\t#hotspot-160 .leaflet-rrose-tip {\n\t\tbackground: #ffffff;\n\t}\n\n\t#hotspot-160 .leaflet-popup-scrolled {\n\t\tborder-bottom-color: #000000;\n\t\tborder-top-color: #000000;\n\t}\n\n\t#hotspot-160 .leaflet-tooltip-top:before {\n\t\tborder-top-color: #ffffff;\n\t}\n\n\t#hotspot-160 .leaflet-tooltip-bottom:before {\n\t\tborder-bottom-color: #ffffff;\n\t}\n\t#hotspot-160 .leaflet-tooltip-left:before {\n\t\tborder-left-color: #ffffff;\n\t}\n\t#hotspot-160 .leaflet-tooltip-right:before {\n\t\tborder-right-color: #ffffff;\n\t}\n<\/style>\n\n\t\n\t<div class=\"hotspots-container links-only layout-left event-click\" id=\"hotspot-160\" data-layout=\"left\" data-trigger=\"click\">\n\t\t<div class=\"hotspots-interaction\">\n\t\t\t<div class=\"hotspots-image-container\">\n\t<img\n\t\twidth=\"1920\"\n\t\theight=\"1080\"\n\t\tsrc=\"https:\/\/magaspartresidence.hu\/wp-content\/uploads\/2024\/11\/1_11-Photo.jpg\"\n\t\talt=\"\"\n\t\tclass=\"hotspots-image skip-lazy\"\n\t\tusemap=\"#hotspots-image-160\"\n\t\tdata-image-title=\"\"\n\t\tdata-image-description=\"\"\n\t\tdata-event-trigger=\"click\"\n\t\tdata-always-visible=\"false\"\n\t\tdata-id=\"160\"\n\t\tdata-no-lazy=\"1\"\n\t\tdata-lazy-src=\"\"\n\t\tdata-lazy=\"false\"\n\t\tloading=\"eager\"\n\t\tdata-skip-lazy=\"1\"\n\t\t>\n<\/div>\t\t<\/div>\n\t\t<map name=\"hotspots-image-160\" class=\"hotspots-map\">\n\t\t\t\t\t\t\t\t\t\t\t<area\n\t\t\t\t\tshape=\"polygon\"\n\t\t\t\t\tcoords=\"532,544,412,445,415,466,536,581,848,435,973,359,1022,328,1019,297,988,318,884,382,532,544,681,473\"\n\t\t\t\t\thref=\"https:\/\/magaspartresidence.hu\/b-epulet\/b-epulet-foldszint\/\"\n\t\t\t\t\trel=\"\"\n\t\t\t\t\ttitle=\"Geb\u00e4ude B \u2013 Erdgeschoss\"\n\t\t\t\t\talt=\"B \u00e9p\u00fclet f\u00f6ldszint\"\n\t\t\t\t\tdata-action=\"url\"\n\t\t\t\t\tdata-color-scheme=\"\"\n\t\t\t\t\ttarget=\"_new\"\n\t\t\t\t\tclass=\"url-area\"\n\t\t\t\t\t>\n\t\t\t\t\t\t\t\t\t\t\t<area\n\t\t\t\t\tshape=\"polygon\"\n\t\t\t\t\tcoords=\"401,405,517,498,876,349,1020,264,1023,293,1009,302,897,373,682,470,527,535,410,440\"\n\t\t\t\t\thref=\"https:\/\/magaspartresidence.hu\/b-epulet\/b-epulet-1-emelet\/\"\n\t\t\t\t\trel=\"\"\n\t\t\t\t\ttitle=\"Geb\u00e4ude B \u2013 1. Obergeschoss\"\n\t\t\t\t\talt=\"B \u00e9p\u00fclet 1. emelet\"\n\t\t\t\t\tdata-action=\"url\"\n\t\t\t\t\tdata-color-scheme=\"\"\n\t\t\t\t\ttarget=\"_new\"\n\t\t\t\t\tclass=\"url-area\"\n\t\t\t\t\t>\n\t\t\t\t\t\t\t\t\t\t\t<area\n\t\t\t\t\tshape=\"polygon\"\n\t\t\t\t\tcoords=\"467,319,401,339,402,349,381,356,500,455,812,333,896,297,1027,227,868,183,617,255,589,264,579,260,543,270,547,277,503,290,473,299,463,306\"\n\t\t\t\t\thref=\"https:\/\/magaspartresidence.hu\/b-epulet\/b-epulet-3-emelet\/\"\n\t\t\t\t\trel=\"\"\n\t\t\t\t\ttitle=\"Geb\u00e4ude B \u2013 3. Obergeschoss\"\n\t\t\t\t\talt=\"B \u00e9p\u00fclet 3. emelet\"\n\t\t\t\t\tdata-action=\"url\"\n\t\t\t\t\tdata-color-scheme=\"\"\n\t\t\t\t\ttarget=\"_new\"\n\t\t\t\t\tclass=\"url-area\"\n\t\t\t\t\t>\n\t\t\t\t\t\t\t\t\t\t\t<area\n\t\t\t\t\tshape=\"polygon\"\n\t\t\t\t\tcoords=\"745,365,886,305,1029,229,1024,262,963,298,867,352,748,400,513,499,453,450,398,402,384,362,501,460\"\n\t\t\t\t\thref=\"https:\/\/magaspartresidence.hu\/b-epulet\/b-epulet-2-emelet\/\"\n\t\t\t\t\trel=\"\"\n\t\t\t\t\ttitle=\"Geb\u00e4ude B \u2013 2. Obergeschoss\"\n\t\t\t\t\talt=\"B \u00e9p\u00fclet 2. emelet\"\n\t\t\t\t\tdata-action=\"url\"\n\t\t\t\t\tdata-color-scheme=\"\"\n\t\t\t\t\ttarget=\"_new\"\n\t\t\t\t\tclass=\"url-area\"\n\t\t\t\t\t>\n\t\t\t\t\t\t\t\t\t\t\t<area\n\t\t\t\t\tshape=\"polygon\"\n\t\t\t\t\tcoords=\"1160,247,1260,200,1293,187,1296,164,1228,192,1166,218,1126,242,1076,274,1024,263,1009,272,1005,281,1080,302,1105,283,1129,266\"\n\t\t\t\t\thref=\"https:\/\/magaspartresidence.hu\/a-epulet\/a-epulet-foldszint\/\"\n\t\t\t\t\trel=\"\"\n\t\t\t\t\ttitle=\"Geb\u00e4ude A \u2013 Erdgeschoss\"\n\t\t\t\t\talt=\"A \u00e9p\u00fclet f\u00f6ldszint\"\n\t\t\t\t\tdata-action=\"url\"\n\t\t\t\t\tdata-color-scheme=\"\"\n\t\t\t\t\ttarget=\"_new\"\n\t\t\t\t\tclass=\"url-area\"\n\t\t\t\t\t>\n\t\t\t\t\t\t\t\t\t\t\t<area\n\t\t\t\t\tshape=\"polygon\"\n\t\t\t\t\tcoords=\"990,252,1026,230,1079,242,1136,209,1164,192,1187,181,1242,161,1298,140,1296,165,1170,215,1122,245,1078,273\"\n\t\t\t\t\thref=\"https:\/\/magaspartresidence.hu\/a-epulet\/a-epulet-1-emelet\/\"\n\t\t\t\t\trel=\"\"\n\t\t\t\t\ttitle=\"Geb\u00e4ude A \u2013 1. Obergeschoss\"\n\t\t\t\t\talt=\"A \u00e9p\u00fclet 1. emelet\"\n\t\t\t\t\tdata-action=\"url\"\n\t\t\t\t\tdata-color-scheme=\"\"\n\t\t\t\t\ttarget=\"_new\"\n\t\t\t\t\tclass=\"url-area\"\n\t\t\t\t\t>\n\t\t\t\t\t\t\t\t\t\t\t<area\n\t\t\t\t\tshape=\"polygon\"\n\t\t\t\t\tcoords=\"1078,241,1082,241,1170,189,1298,140,1303,113,1220,143,1168,163,1082,212,930,179,931,202,1025,227\"\n\t\t\t\t\thref=\"https:\/\/magaspartresidence.hu\/a-epulet\/a-epulet-2-emelet\/\"\n\t\t\t\t\trel=\"\"\n\t\t\t\t\ttitle=\"Geb\u00e4ude A \u2013 2. Obergeschoss\"\n\t\t\t\t\talt=\"A \u00e9p\u00fclet 2. emelet\"\n\t\t\t\t\tdata-action=\"url\"\n\t\t\t\t\tdata-color-scheme=\"\"\n\t\t\t\t\ttarget=\"_new\"\n\t\t\t\t\tclass=\"url-area\"\n\t\t\t\t\t>\n\t\t\t\t\t\t\t\t\t\t\t<area\n\t\t\t\t\tshape=\"polygon\"\n\t\t\t\t\tcoords=\"1038,128,947,165,930,174,999,191,1081,209,1171,161,1306,111,1263,98,1264,84,1257,80,1188,65,1167,72,1158,70,1143,75,1144,78,1085,95,1059,104,1039,113\"\n\t\t\t\t\thref=\"https:\/\/magaspartresidence.hu\/a-epulet\/a-epulet-3-emelet\/\"\n\t\t\t\t\trel=\"\"\n\t\t\t\t\ttitle=\"Geb\u00e4ude A \u2013 3. Obergeschoss\"\n\t\t\t\t\talt=\"A \u00e9p\u00fclet 3. emelet\"\n\t\t\t\t\tdata-action=\"url\"\n\t\t\t\t\tdata-color-scheme=\"\"\n\t\t\t\t\ttarget=\"_new\"\n\t\t\t\t\tclass=\"url-area\"\n\t\t\t\t\t>\n\t\t\t\t\t<\/map>\n\n\t\t\n\t\t\t\t\t\t\t\t\t\t\t\t\t\t\t\t\t\t\t\t\t\t\t\t\t\t\t<\/div>\n\n\n<\/div>\n\t\t\t\t\t\t<\/div>\n\t\t\t\t<\/div>\n\t\t\t\t<\/div>\n\t\t\t\t<\/div>","protected":false},"excerpt":{"rendered":"<p>1. El\u0151szoba 2,00 m\u00b2 2. F\u00fcrd\u0151szoba 6,55 m\u00b2 3. F\u00fcrd\u0151szoba 3,64 m\u00b2 4. Gardr\u00f3b 7,30 m\u00b2 5. Gardr\u00f3b 3,93 m\u00b2 6. Lak\u00f3t\u00e9r 27,62 m\u00b2 7. Mosd\u00f3 1,45 m\u00b2 8. Szoba 12,24 m\u00b2 9. Szoba 12,34 m\u00b2 10. Szoba 14,58 m\u00b2 \u00d6sszesen 91,65 m\u00b2 11. Terasz 66,47 m\u00b2 \u00d6sszesen 158,12 m\u00b2<\/p>","protected":false},"author":1,"featured_media":0,"parent":417,"menu_order":0,"comment_status":"closed","ping_status":"closed","template":"elementor_header_footer","meta":{"footnotes":""},"class_list":["post-565","page","type-page","status-publish","hentry"],"_links":{"self":[{"href":"https:\/\/magaspartresidence.hu\/de\/wp-json\/wp\/v2\/pages\/565","targetHints":{"allow":["GET"]}}],"collection":[{"href":"https:\/\/magaspartresidence.hu\/de\/wp-json\/wp\/v2\/pages"}],"about":[{"href":"https:\/\/magaspartresidence.hu\/de\/wp-json\/wp\/v2\/types\/page"}],"author":[{"embeddable":true,"href":"https:\/\/magaspartresidence.hu\/de\/wp-json\/wp\/v2\/users\/1"}],"replies":[{"embeddable":true,"href":"https:\/\/magaspartresidence.hu\/de\/wp-json\/wp\/v2\/comments?post=565"}],"version-history":[{"count":11,"href":"https:\/\/magaspartresidence.hu\/de\/wp-json\/wp\/v2\/pages\/565\/revisions"}],"predecessor-version":[{"id":1153,"href":"https:\/\/magaspartresidence.hu\/de\/wp-json\/wp\/v2\/pages\/565\/revisions\/1153"}],"up":[{"embeddable":true,"href":"https:\/\/magaspartresidence.hu\/de\/wp-json\/wp\/v2\/pages\/417"}],"wp:attachment":[{"href":"https:\/\/magaspartresidence.hu\/de\/wp-json\/wp\/v2\/media?parent=565"}],"curies":[{"name":"wp","href":"https:\/\/api.w.org\/{rel}","templated":true}]}}