{"id":975,"date":"2025-01-04T20:15:42","date_gmt":"2025-01-04T19:15:42","guid":{"rendered":"https:\/\/magaspartresidence.hu\/?page_id=975"},"modified":"2025-01-15T16:57:17","modified_gmt":"2025-01-15T15:57:17","slug":"b-epulet-foldszint","status":"publish","type":"page","link":"https:\/\/magaspartresidence.hu\/en\/b-epulet\/b-epulet-foldszint\/","title":{"rendered":"Building B \u2013 Ground Floor"},"content":{"rendered":"<div data-elementor-type=\"wp-page\" data-elementor-id=\"975\" class=\"elementor elementor-975\" data-elementor-settings=\"{&quot;premium_particles_zindex&quot;:0,&quot;premium_particles_responsive&quot;:[&quot;desktop&quot;,&quot;tablet&quot;,&quot;mobile&quot;]}\" data-elementor-post-type=\"page\">\n\t\t\t\t<div class=\"elementor-element elementor-element-316aff5 e-flex e-con-boxed e-con e-parent\" data-id=\"316aff5\" data-element_type=\"container\" data-settings=\"{&quot;jet_parallax_layout_list&quot;:[],&quot;premium_particles_zindex&quot;:0,&quot;premium_particles_responsive&quot;:[&quot;desktop&quot;,&quot;tablet&quot;,&quot;mobile&quot;]}\">\n\t\t\t\t\t<div class=\"e-con-inner\">\n\t\t\t\t<div class=\"elementor-element elementor-element-b2e7d36 elementor-widget elementor-widget-heading\" data-id=\"b2e7d36\" data-element_type=\"widget\" data-widget_type=\"heading.default\">\n\t\t\t\t<div class=\"elementor-widget-container\">\n\t\t\t\t\t<h1 class=\"elementor-heading-title elementor-size-default\">Building B \u2013 Ground Floor<\/h1>\t\t\t\t<\/div>\n\t\t\t\t<\/div>\n\t\t\t\t\t<\/div>\n\t\t\t\t<\/div>\n\t\t<div class=\"elementor-element elementor-element-923859a e-flex e-con-boxed e-con e-parent\" data-id=\"923859a\" data-element_type=\"container\" data-settings=\"{&quot;jet_parallax_layout_list&quot;:[],&quot;premium_particles_zindex&quot;:0,&quot;premium_particles_responsive&quot;:[&quot;desktop&quot;,&quot;tablet&quot;,&quot;mobile&quot;]}\">\n\t\t\t\t\t<div class=\"e-con-inner\">\n\t\t\t\t<div class=\"elementor-element elementor-element-7297c52 elementor-align-center elementor-widget elementor-widget-button\" data-id=\"7297c52\" data-element_type=\"widget\" data-widget_type=\"button.default\">\n\t\t\t\t<div class=\"elementor-widget-container\">\n\t\t\t\t\t\t\t\t\t<div class=\"elementor-button-wrapper\">\n\t\t\t\t\t<a class=\"elementor-button elementor-button-link elementor-size-sm\" href=\"https:\/\/magaspartresidence.hu\/wp-content\/uploads\/2025\/01\/03.1-Foldszint-jellel.pdf\" target=\"_blank\">\n\t\t\t\t\t\t<span class=\"elementor-button-content-wrapper\">\n\t\t\t\t\t\t<span class=\"elementor-button-icon\">\n\t\t\t\t<svg aria-hidden=\"true\" class=\"e-font-icon-svg e-far-file-pdf\" viewbox=\"0 0 384 512\" xmlns=\"http:\/\/www.w3.org\/2000\/svg\"><path d=\"M369.9 97.9L286 14C277 5 264.8-.1 252.1-.1H48C21.5 0 0 21.5 0 48v416c0 26.5 21.5 48 48 48h288c26.5 0 48-21.5 48-48V131.9c0-12.7-5.1-25-14.1-34zM332.1 128H256V51.9l76.1 76.1zM48 464V48h160v104c0 13.3 10.7 24 24 24h104v288H48zm250.2-143.7c-12.2-12-47-8.7-64.4-6.5-17.2-10.5-28.7-25-36.8-46.3 3.9-16.1 10.1-40.6 5.4-56-4.2-26.2-37.8-23.6-42.6-5.9-4.4 16.1-.4 38.5 7 67.1-10 23.9-24.9 56-35.4 74.4-20 10.3-47 26.2-51 46.2-3.3 15.8 26 55.2 76.1-31.2 22.4-7.4 46.8-16.5 68.4-20.1 18.9 10.2 41 17 55.8 17 25.5 0 28-28.2 17.5-38.7zm-198.1 77.8c5.1-13.7 24.5-29.5 30.4-35-19 30.3-30.4 35.7-30.4 35zm81.6-190.6c7.4 0 6.7 32.1 1.8 40.8-4.4-13.9-4.3-40.8-1.8-40.8zm-24.4 136.6c9.7-16.9 18-37 24.7-54.7 8.3 15.1 18.9 27.2 30.1 35.5-20.8 4.3-38.9 13.1-54.8 19.2zm131.6-5s-5 6-37.3-7.8c35.1-2.6 40.9 5.4 37.3 7.8z\"><\/path><\/svg>\t\t\t<\/span>\n\t\t\t\t\t\t\t\t\t<span class=\"elementor-button-text\">F\u00f6ldszint alaprajz<\/span>\n\t\t\t\t\t<\/span>\n\t\t\t\t\t<\/a>\n\t\t\t\t<\/div>\n\t\t\t\t\t\t\t\t<\/div>\n\t\t\t\t<\/div>\n\t\t\t\t\t<\/div>\n\t\t\t\t<\/div>\n\t\t<div class=\"elementor-element elementor-element-f171822 e-flex e-con-boxed e-con e-parent\" data-id=\"f171822\" data-element_type=\"container\" data-settings=\"{&quot;jet_parallax_layout_list&quot;:[],&quot;premium_particles_zindex&quot;:0,&quot;premium_particles_responsive&quot;:[&quot;desktop&quot;,&quot;tablet&quot;,&quot;mobile&quot;]}\">\n\t\t\t\t\t<div class=\"e-con-inner\">\n\t\t\t\t<div class=\"elementor-element elementor-element-4e8bc7c elementor-widget elementor-widget-shortcode\" data-id=\"4e8bc7c\" data-element_type=\"widget\" data-widget_type=\"shortcode.default\">\n\t\t\t\t<div class=\"elementor-widget-container\">\n\t\t\t\t\t\t\t<div class=\"elementor-shortcode\">\n<table id=\"tablepress-Btem\" class=\"tablepress tablepress-id-Btem\">\n<thead>\n<tr class=\"row-1\">\n\t<th class=\"column-1\">NO.<\/th><th class=\"column-2\">APARTMENT CODE<\/th><th class=\"column-3\">FLOOR<\/th><th class=\"column-4\">NET AREA (m\u00b2)<\/th><th class=\"column-5\">ROOM COUNT<\/th><th class=\"column-6\">TERRACE AREA (m\u00b2)<\/th><th class=\"column-7\">TOTAL SALEABLE AREA (m\u00b2)<\/th><th class=\"column-8\">PRICE<\/th><th class=\"column-9\">STATUS<\/th>\n<\/tr>\n<\/thead>\n<tbody class=\"row-striping row-hover\">\n<tr class=\"row-2\">\n\t<td class=\"column-1\">1<\/td><td class=\"column-2\"><a href=\"https:\/\/magaspartresidence.hu\/en\/b-epulet\/b-f-1-lakas\/\" target=\"_blank\" rel=\"noopener\">B \u2013 F.1.<\/a><\/td><td class=\"column-3\">Ground Floor<\/td><td class=\"column-4\">68.94<\/td><td class=\"column-5\">3<\/td><td class=\"column-6\">39.88<\/td><td class=\"column-7\">88.88<\/td><td class=\"column-8\">127.750.000 Ft<\/td><td class=\"column-9\">Reserved<\/td>\n<\/tr>\n<tr class=\"row-3\">\n\t<td class=\"column-1\">2<\/td><td class=\"column-2\"><a href=\"https:\/\/magaspartresidence.hu\/en\/b-epulet\/b-f-2-lakas\/\" target=\"_blank\" rel=\"noopener\">B \u2013 F.2.<\/a><\/td><td class=\"column-3\">Ground Floor<\/td><td class=\"column-4\">44.91<\/td><td class=\"column-5\">2<\/td><td class=\"column-6\">17.67<\/td><td class=\"column-7\">52.18<\/td><td class=\"column-8\">85.360.000 Ft<\/td><td class=\"column-9\">Active<\/td>\n<\/tr>\n<tr class=\"row-4\">\n\t<td class=\"column-1\">3<\/td><td class=\"column-2\"><a href=\"https:\/\/magaspartresidence.hu\/en\/b-epulet\/b-f-3-lakas\/\" target=\"_blank\" rel=\"noopener\">B \u2013 F.3.<\/a><\/td><td class=\"column-3\">Ground Floor<\/td><td class=\"column-4\">45.75<\/td><td class=\"column-5\">2<\/td><td class=\"column-6\">19.24<\/td><td class=\"column-7\">55.37<\/td><td class=\"column-8\">87.900.000 Ft<\/td><td class=\"column-9\">Active<\/td>\n<\/tr>\n<tr class=\"row-5\">\n\t<td class=\"column-1\">4<\/td><td class=\"column-2\"><a href=\"https:\/\/magaspartresidence.hu\/en\/b-epulet\/b-f-4-lakas\/\" target=\"_blank\" rel=\"noopener\">B \u2013 F.4.<\/a><\/td><td class=\"column-3\">Ground Floor<\/td><td class=\"column-4\">67.70<\/td><td class=\"column-5\">3<\/td><td class=\"column-6\">24.26<\/td><td class=\"column-7\">81.43<\/td><td class=\"column-8\">116.200.000 Ft<\/td><td class=\"column-9\">Active<\/td>\n<\/tr>\n<tr class=\"row-6\">\n\t<td class=\"column-1\">5<\/td><td class=\"column-2\"><a href=\"https:\/\/magaspartresidence.hu\/en\/b-epulet\/b-f-5-lakas\/\" target=\"_blank\" rel=\"noopener\">B \u2013 F.5.<\/a><\/td><td class=\"column-3\">Ground Floor<\/td><td class=\"column-4\">68.18<\/td><td class=\"column-5\">3<\/td><td class=\"column-6\">24.50<\/td><td class=\"column-7\">81.43<\/td><td class=\"column-8\">116.200.000 Ft<\/td><td class=\"column-9\">Active<\/td>\n<\/tr>\n<tr class=\"row-7\">\n\t<td class=\"column-1\">6<\/td><td class=\"column-2\"><a href=\"https:\/\/magaspartresidence.hu\/en\/b-epulet\/b-f-6-lakas\/\" target=\"_blank\" rel=\"noopener\">B \u2013 F.6.<\/a><\/td><td class=\"column-3\">Ground Floor<\/td><td class=\"column-4\">44.91<\/td><td class=\"column-5\">2<\/td><td class=\"column-6\">17.67<\/td><td class=\"column-7\">51.33<\/td><td class=\"column-8\">84.680.000 Ft<\/td><td class=\"column-9\">Active<\/td>\n<\/tr>\n<tr class=\"row-8\">\n\t<td class=\"column-1\">7<\/td><td class=\"column-2\"><a href=\"https:\/\/magaspartresidence.hu\/en\/b-epulet\/b-f-7-lakas\/\" target=\"_blank\" rel=\"noopener\">B \u2013 F.7.<\/a><\/td><td class=\"column-3\">Ground Floor<\/td><td class=\"column-4\">44.91<\/td><td class=\"column-5\">2<\/td><td class=\"column-6\">17.66<\/td><td class=\"column-7\">53.74<\/td><td class=\"column-8\">85.360.000 Ft<\/td><td class=\"column-9\">Active<\/td>\n<\/tr>\n<tr class=\"row-9\">\n\t<td class=\"column-1\">8<\/td><td class=\"column-2\"><a href=\"https:\/\/magaspartresidence.hu\/en\/b-epulet\/b-f-8-lakas\/\" target=\"_blank\" rel=\"noopener\">B \u2013 F.8.<\/a><\/td><td class=\"column-3\">Ground Floor<\/td><td class=\"column-4\">68.94<\/td><td class=\"column-5\">3<\/td><td class=\"column-6\">39.58<\/td><td class=\"column-7\">88.82<\/td><td class=\"column-8\">127.750.000 Ft<\/td><td class=\"column-9\">Reserved<\/td>\n<\/tr>\n<tr class=\"row-10\">\n\t<td class=\"column-1\">9<\/td><td class=\"column-2\"><a href=\"https:\/\/magaspartresidence.hu\/en\/b-epulet\/b-i-9-lakas\/\" target=\"_blank\" rel=\"noopener\">B \u2013 I.9.<\/a><\/td><td class=\"column-3\">I.<\/td><td class=\"column-4\">68.94<\/td><td class=\"column-5\">3<\/td><td class=\"column-6\">39.88<\/td><td class=\"column-7\">88.88<\/td><td class=\"column-8\">137.850.000 Ft<\/td><td class=\"column-9\">Reserved<\/td>\n<\/tr>\n<tr class=\"row-11\">\n\t<td class=\"column-1\">10<\/td><td class=\"column-2\"><a href=\"https:\/\/magaspartresidence.hu\/en\/b-epulet\/b-i-10-lakas\/\" target=\"_blank\" rel=\"noopener\">B \u2013 I.10.<\/a><\/td><td class=\"column-3\">I.<\/td><td class=\"column-4\">44.91<\/td><td class=\"column-5\">2<\/td><td class=\"column-6\">17.67<\/td><td class=\"column-7\">53.18<\/td><td class=\"column-8\">90.200.000 Ft<\/td><td class=\"column-9\">Active<\/td>\n<\/tr>\n<tr class=\"row-12\">\n\t<td class=\"column-1\">11<\/td><td class=\"column-2\"><a href=\"https:\/\/magaspartresidence.hu\/en\/b-epulet\/b-i-11-lakas\/\" target=\"_blank\" rel=\"noopener\">B \u2013 I.11.<\/a><\/td><td class=\"column-3\">I.<\/td><td class=\"column-4\">45.75<\/td><td class=\"column-5\">2<\/td><td class=\"column-6\">17.67<\/td><td class=\"column-7\">54.58<\/td><td class=\"column-8\">93.300.000 Ft<\/td><td class=\"column-9\">Active<\/td>\n<\/tr>\n<tr class=\"row-13\">\n\t<td class=\"column-1\">12<\/td><td class=\"column-2\"><a href=\"https:\/\/magaspartresidence.hu\/en\/b-epulet\/b-i-12-lakas\/\" target=\"_blank\" rel=\"noopener\">B \u2013 I.12.<\/a><\/td><td class=\"column-3\">I.<\/td><td class=\"column-4\">67.7<\/td><td class=\"column-5\">3<\/td><td class=\"column-6\">24.26<\/td><td class=\"column-7\">79.83<\/td><td class=\"column-8\">123.300.000 Ft<\/td><td class=\"column-9\">Active<\/td>\n<\/tr>\n<tr class=\"row-14\">\n\t<td class=\"column-1\">13<\/td><td class=\"column-2\"><a href=\"https:\/\/magaspartresidence.hu\/en\/b-epulet\/b-i-13-lakas\/\" target=\"_blank\" rel=\"noopener\">B \u2013 I.13.<\/a><\/td><td class=\"column-3\">I.<\/td><td class=\"column-4\">69.18<\/td><td class=\"column-5\">3<\/td><td class=\"column-6\">24.49<\/td><td class=\"column-7\">81.42<\/td><td class=\"column-8\">125.600.000 Ft<\/td><td class=\"column-9\">Active<\/td>\n<\/tr>\n<tr class=\"row-15\">\n\t<td class=\"column-1\">14<\/td><td class=\"column-2\"><a href=\"https:\/\/magaspartresidence.hu\/en\/b-epulet\/b-i-14-lakas\/\" target=\"_blank\" rel=\"noopener\">B \u2013 I.14.<\/a><\/td><td class=\"column-3\">I.<\/td><td class=\"column-4\">44.91<\/td><td class=\"column-5\">2<\/td><td class=\"column-6\">17.66<\/td><td class=\"column-7\">53.74<\/td><td class=\"column-8\">91.860.000 Ft<\/td><td class=\"column-9\">Active<\/td>\n<\/tr>\n<tr class=\"row-16\">\n\t<td class=\"column-1\">15<\/td><td class=\"column-2\"><a href=\"https:\/\/magaspartresidence.hu\/en\/b-epulet\/b-i-15-lakas\/\" target=\"_blank\" rel=\"noopener\">B \u2013 I.15.<\/a><\/td><td class=\"column-3\">I.<\/td><td class=\"column-4\">44.91<\/td><td class=\"column-5\">2<\/td><td class=\"column-6\">17.66<\/td><td class=\"column-7\">53.74<\/td><td class=\"column-8\">91.860.000 Ft<\/td><td class=\"column-9\">Active<\/td>\n<\/tr>\n<tr class=\"row-17\">\n\t<td class=\"column-1\">16<\/td><td class=\"column-2\"><a href=\"https:\/\/magaspartresidence.hu\/en\/b-epulet\/b-i-16-lakas\/\" target=\"_blank\" rel=\"noopener\">B \u2013 I.16.<\/a><\/td><td class=\"column-3\">I.<\/td><td class=\"column-4\">68.94<\/td><td class=\"column-5\">3<\/td><td class=\"column-6\">39.58<\/td><td class=\"column-7\">88.13<\/td><td class=\"column-8\">137.850.000 Ft<\/td><td class=\"column-9\">Active<\/td>\n<\/tr>\n<tr class=\"row-18\">\n\t<td class=\"column-1\">17<\/td><td class=\"column-2\"><a href=\"https:\/\/magaspartresidence.hu\/en\/b-epulet\/b-ii-17-lakas\/\" target=\"_blank\" rel=\"noopener\">B \u2013 II.17.<\/a><\/td><td class=\"column-3\">II.<\/td><td class=\"column-4\">68.94<\/td><td class=\"column-5\">3<\/td><td class=\"column-6\">39.88<\/td><td class=\"column-7\">88.88<\/td><td class=\"column-8\">155.700.000 Ft<\/td><td class=\"column-9\">Active<\/td>\n<\/tr>\n<tr class=\"row-19\">\n\t<td class=\"column-1\">18<\/td><td class=\"column-2\"><a href=\"https:\/\/magaspartresidence.hu\/en\/b-epulet\/b-ii-18-lakas\/\" target=\"_blank\" rel=\"noopener\">B \u2013 II.18.<\/a><\/td><td class=\"column-3\">II.<\/td><td class=\"column-4\">44.91<\/td><td class=\"column-5\">2<\/td><td class=\"column-6\">17.67<\/td><td class=\"column-7\">53.75<\/td><td class=\"column-8\">103.000.000 Ft<\/td><td class=\"column-9\">Active<\/td>\n<\/tr>\n<tr class=\"row-20\">\n\t<td class=\"column-1\">19<\/td><td class=\"column-2\"><a href=\"https:\/\/magaspartresidence.hu\/en\/b-epulet\/b-ii-19-lakas\/\" target=\"_blank\" rel=\"noopener\">B \u2013 II.19.<\/a><\/td><td class=\"column-3\">II.<\/td><td class=\"column-4\">45.75<\/td><td class=\"column-5\">2<\/td><td class=\"column-6\">19.24<\/td><td class=\"column-7\">55.37<\/td><td class=\"column-8\">106.000.000 Ft<\/td><td class=\"column-9\">Active<\/td>\n<\/tr>\n<tr class=\"row-21\">\n\t<td class=\"column-1\">20<\/td><td class=\"column-2\"><a href=\"https:\/\/magaspartresidence.hu\/en\/b-epulet\/b-ii-20-lakas\/\" target=\"_blank\" rel=\"noopener\">B \u2013 II.20.<\/a><\/td><td class=\"column-3\">II.<\/td><td class=\"column-4\">67.70<\/td><td class=\"column-5\">3<\/td><td class=\"column-6\">24.26<\/td><td class=\"column-7\">79.83<\/td><td class=\"column-8\">138.100.000 Ft<\/td><td class=\"column-9\">Active<\/td>\n<\/tr>\n<tr class=\"row-22\">\n\t<td class=\"column-1\">21<\/td><td class=\"column-2\"><a href=\"https:\/\/magaspartresidence.hu\/en\/b-epulet\/b-ii-21-lakas\/\" target=\"_blank\" rel=\"noopener\">B \u2013 II.21.<\/a><\/td><td class=\"column-3\">II.<\/td><td class=\"column-4\">69.18<\/td><td class=\"column-5\">3<\/td><td class=\"column-6\">24.50<\/td><td class=\"column-7\">81.43<\/td><td class=\"column-8\">140.900.000 Ft<\/td><td class=\"column-9\">Active<\/td>\n<\/tr>\n<tr class=\"row-23\">\n\t<td class=\"column-1\">22<\/td><td class=\"column-2\"><a href=\"https:\/\/magaspartresidence.hu\/en\/b-epulet\/b-ii-22-lakas\/\" target=\"_blank\" rel=\"noopener\">B \u2013 II.22.<\/a><\/td><td class=\"column-3\">II.<\/td><td class=\"column-4\">43.71<\/td><td class=\"column-5\">2<\/td><td class=\"column-6\">17.67<\/td><td class=\"column-7\">52.54<\/td><td class=\"column-8\">100.600.000 Ft<\/td><td class=\"column-9\">Active<\/td>\n<\/tr>\n<tr class=\"row-24\">\n\t<td class=\"column-1\">23<\/td><td class=\"column-2\"><a href=\"https:\/\/magaspartresidence.hu\/en\/b-epulet\/b-ii-23-lakas\/\" target=\"_blank\" rel=\"noopener\">B \u2013 II.23.<\/a><\/td><td class=\"column-3\">II.<\/td><td class=\"column-4\">43.70<\/td><td class=\"column-5\">2<\/td><td class=\"column-6\">17.66<\/td><td class=\"column-7\">52.53<\/td><td class=\"column-8\">100.600.000 Ft<\/td><td class=\"column-9\">Active<\/td>\n<\/tr>\n<tr class=\"row-25\">\n\t<td class=\"column-1\">24<\/td><td class=\"column-2\"><a href=\"https:\/\/magaspartresidence.hu\/en\/b-epulet\/b-ii-24-lakas\/\" target=\"_blank\" rel=\"noopener\">B \u2013 II.24.<\/a><\/td><td class=\"column-3\">II.<\/td><td class=\"column-4\">68.94<\/td><td class=\"column-5\">3<\/td><td class=\"column-6\">39.58<\/td><td class=\"column-7\">88.73<\/td><td class=\"column-8\">155.700.000 Ft<\/td><td class=\"column-9\">Active<\/td>\n<\/tr>\n<tr class=\"row-26\">\n\t<td class=\"column-1\">25<\/td><td class=\"column-2\"><a href=\"https:\/\/magaspartresidence.hu\/en\/b-epulet\/b-iii-25-lakas\/\" target=\"_blank\" rel=\"noopener\">B \u2013 III.25.<\/a><\/td><td class=\"column-3\">III.<\/td><td class=\"column-4\">91.65<\/td><td class=\"column-5\">3<\/td><td class=\"column-6\">66,47<\/td><td class=\"column-7\">124.89<\/td><td class=\"column-8\">269.700.000 Ft<\/td><td class=\"column-9\">Active<\/td>\n<\/tr>\n<tr class=\"row-27\">\n\t<td class=\"column-1\">26<\/td><td class=\"column-2\"><a href=\"https:\/\/magaspartresidence.hu\/en\/b-epulet\/b-iii-26-lakas\/\" target=\"_blank\" rel=\"noopener\">B \u2013 III.26.<\/a><\/td><td class=\"column-3\">III.<\/td><td class=\"column-4\">126.44<\/td><td class=\"column-5\">4<\/td><td class=\"column-6\">127.82<\/td><td class=\"column-7\">190.35<\/td><td class=\"column-8\">411.100.000 Ft<\/td><td class=\"column-9\">Active<\/td>\n<\/tr>\n<\/tbody>\n<\/table>\n<!-- #tablepress-Btem from cache --><\/div>\n\t\t\t\t\t\t<\/div>\n\t\t\t\t<\/div>\n\t\t\t\t<div class=\"elementor-element elementor-element-21c7ed1 elementor-widget elementor-widget-html\" data-id=\"21c7ed1\" data-element_type=\"widget\" data-widget_type=\"html.default\">\n\t\t\t\t<div class=\"elementor-widget-container\">\n\t\t\t\t\t<script>\r\ndocument.addEventListener(\"DOMContentLoaded\", function () {\r\n    \/\/ A TablePress t\u00e1bl\u00e1zat sorainak kiv\u00e1laszt\u00e1sa az ID alapj\u00e1n\r\n    const tableRows = document.querySelectorAll(\"#tablepress-Btem tbody tr\"); \/\/ Table ID alapj\u00e1n (p\u00e9ld\u00e1ul tablepress-1)\r\n    const filterValue = \"Fszt.\"; \/\/ A megjelen\u00edteni k\u00edv\u00e1nt \u00e9rt\u00e9k a \"Szint\" oszlopban\r\n    const columnIndex = 2; \/\/ Az oszlop indexe (0-t\u00f3l sz\u00e1molva, a 3. oszlop indexe: 2)\r\n    \r\n    tableRows.forEach(row => {\r\n        const cell = row.cells[columnIndex]; \/\/ Az adott sor 3. oszlop\u00e1nak cell\u00e1ja\r\n        if (cell && !cell.textContent.includes(filterValue)) {\r\n            row.style.display = \"none\"; \/\/ Elrejti a sorokat, amelyek nem tartalmazz\u00e1k a \"Fszt.\" \u00e9rt\u00e9ket\r\n        }\r\n    });\r\n});\r\n<\/script>\r\n\t\t\t\t<\/div>\n\t\t\t\t<\/div>\n\t\t\t\t\t<\/div>\n\t\t\t\t<\/div>\n\t\t\t\t<\/div>","protected":false},"excerpt":{"rendered":"<p>F\u00f6ldszint alaprajz<\/p>","protected":false},"author":1,"featured_media":0,"parent":417,"menu_order":0,"comment_status":"closed","ping_status":"closed","template":"elementor_header_footer","meta":{"footnotes":""},"class_list":["post-975","page","type-page","status-publish","hentry"],"_links":{"self":[{"href":"https:\/\/magaspartresidence.hu\/en\/wp-json\/wp\/v2\/pages\/975","targetHints":{"allow":["GET"]}}],"collection":[{"href":"https:\/\/magaspartresidence.hu\/en\/wp-json\/wp\/v2\/pages"}],"about":[{"href":"https:\/\/magaspartresidence.hu\/en\/wp-json\/wp\/v2\/types\/page"}],"author":[{"embeddable":true,"href":"https:\/\/magaspartresidence.hu\/en\/wp-json\/wp\/v2\/users\/1"}],"replies":[{"embeddable":true,"href":"https:\/\/magaspartresidence.hu\/en\/wp-json\/wp\/v2\/comments?post=975"}],"version-history":[{"count":25,"href":"https:\/\/magaspartresidence.hu\/en\/wp-json\/wp\/v2\/pages\/975\/revisions"}],"predecessor-version":[{"id":1169,"href":"https:\/\/magaspartresidence.hu\/en\/wp-json\/wp\/v2\/pages\/975\/revisions\/1169"}],"up":[{"embeddable":true,"href":"https:\/\/magaspartresidence.hu\/en\/wp-json\/wp\/v2\/pages\/417"}],"wp:attachment":[{"href":"https:\/\/magaspartresidence.hu\/en\/wp-json\/wp\/v2\/media?parent=975"}],"curies":[{"name":"wp","href":"https:\/\/api.w.org\/{rel}","templated":true}]}}